{"id":46,"date":"2021-02-16T11:44:42","date_gmt":"2021-02-16T11:44:42","guid":{"rendered":"https:\/\/demosites.io\/neve-3\/?page_id=46"},"modified":"2024-03-22T07:08:12","modified_gmt":"2024-03-22T07:08:12","slug":"7b3c2-homepage","status":"publish","type":"page","link":"https:\/\/tukea.ktyry.fi\/wp\/","title":{"rendered":"Homepage"},"content":{"rendered":"\r\n<div class=\"wp-block-cover alignfull is-repeated is-layout-flow wp-block-cover-is-layout-flow\" style=\"min-height: 600px;aspect-ratio:unset;\">\r\n<div class=\"wp-block-cover__image-background wp-image-419 is-repeated\" style=\"background-position: 100% 0%; background-image: url('https:\/\/tukea.ktyry.fi\/wp\/wp-content\/uploads\/2024\/03\/title-6.png');\" role=\"img\">\u00a0<\/div>\r\n<div class=\"wp-block-cover__inner-container\">\r\n<div class=\"wp-block-spacer\" style=\"height: 40px;\" aria-hidden=\"true\">\u00a0<\/div>\r\n<div class=\"wp-block-columns are-vertically-aligned-center\">\r\n<div class=\"wp-block-column is-vertically-aligned-center\" style=\"flex-basis: 100%;\">\r\n<h1 class=\"wp-block-heading has-text-align-left\" style=\"font-size: 56px;\">L\u00f6yd\u00e4 ty\u00f6ntekij\u00e4 ty\u00f6kokeilun tai palkkatuen avulla<\/h1>\r\n<p class=\"has-text-align-left\" style=\"font-size: 1.125em;\">Palkkatuki ja ty\u00f6kokeilu ovat taloudellisesti riskit\u00f6n tapa l\u00f6yt\u00e4\u00e4 juuri sinulle sopiva ty\u00f6ntekij\u00e4. Ty\u00f6kokeilussa kokeilija voi tutustua ty\u00f6teht\u00e4viins\u00e4 matalalla kynnyksell\u00e4 enint\u00e4\u00e4n puolen vuoden ajan. Palkkatuella voidaan tukea ty\u00f6nantajaa t\u00e4sm\u00e4ty\u00f6kykyisen tai pitk\u00e4aikaisty\u00f6tt\u00f6m\u00e4n palkkakuluissa 50 tai 70% tai yhdistyksiss\u00e4 jopa 100%.<\/p>\r\n<\/div>\r\n<\/div>\r\n<\/div>\r\n<\/div>\r\n<div>\u00a0<\/div>\r\n<div>\u00a0<\/div>\r\n\r\n\r\n\r\n\r\n\r\n<div class=\"wp-block-columns is-layout-flex wp-container-core-columns-is-layout-9d6595d7 wp-block-columns-is-layout-flex\">\r\n<div class=\"wp-block-column is-vertically-aligned-center is-layout-flow wp-block-column-is-layout-flow\"><div class=\"wp-block-image\">\r\n<figure class=\"aligncenter size-full\"><img loading=\"lazy\" decoding=\"async\" class=\"wp-image-413\" src=\"https:\/\/tukea.ktyry.fi\/wp\/wp-content\/uploads\/2024\/03\/neve-demo-image-36.png\" alt=\"\" width=\"456\" height=\"455\" \/><\/figure>\r\n<\/div><\/div>\r\n\r\n\r\n\r\n<div class=\"wp-block-column is-vertically-aligned-center is-layout-flow wp-block-column-is-layout-flow\">\r\n<h2 class=\"wp-block-heading\">Ty\u00f6llisyyspalvelut yrityksen ja ty\u00f6ntekij\u00e4n tukena<\/h2>\r\n\r\n\r\n\r\n<p>Tukity\u00f6llistett\u00e4v\u00e4n polkua tukee aina paikallisten ty\u00f6llisyyspalvelujen ty\u00f6llisyysohjaaja. Ty\u00f6llisyyspalveluiden palvelut auttavat sinua ty\u00f6ntekij\u00e4n l\u00f6yt\u00e4misess\u00e4 ja t\u00e4m\u00e4n ty\u00f6el\u00e4m\u00e4n askeleissa. Ty\u00f6llisyyspalvelut auttavat sinua my\u00f6s palkkatuen hakuprosessissa ja ty\u00f6kokeilupaikan j\u00e4rjest\u00e4misess\u00e4.<\/p>\r\n\r\n\r\n<\/div>\r\n<\/div>\r\n\r\n\r\n\r\n\r\n\r\n<div class=\"wp-block-spacer\" style=\"height: 20px;\" aria-hidden=\"true\">\u00a0<\/div>\r\n\r\n\r\n\r\n<div class=\"wp-block-columns are-vertically-aligned-top is-layout-flex wp-container-core-columns-is-layout-9d6595d7 wp-block-columns-is-layout-flex\">\r\n<div class=\"wp-block-column is-vertically-aligned-top is-layout-flow wp-block-column-is-layout-flow\">\r\n<figure class=\"wp-block-image size-full\"><img loading=\"lazy\" decoding=\"async\" width=\"800\" height=\"800\" class=\"wp-image-378\" src=\"https:\/\/tukea.ktyry.fi\/wp\/wp-content\/uploads\/2024\/03\/neve-demo-image-28.png\" alt=\"\" \/><\/figure>\r\n\r\n\r\n\r\n<div class=\"wp-block-spacer\" style=\"height: 16px;\" aria-hidden=\"true\">\u00a0<\/div>\r\n\r\n\r\n\r\n<h3 class=\"wp-block-heading\"><a href=\"https:\/\/tukea.ktyry.fi\/wp\/tyokokeilu\/\" target=\"_blank\" rel=\"noopener\">Ty\u00f6kokeilu<\/a><\/h3>\r\n\r\n\r\n\r\n<p>Enint\u00e4\u00e4n kuusi kuukautta kest\u00e4v\u00e4ss\u00e4 ty\u00f6kokeilussa ty\u00f6el\u00e4m\u00e4\u00e4n palaava tai uraansa aloittava henkil\u00f6 voi testata omaa ty\u00f6kykyk\u00e4\u00e4n tai soveltuvuuttaan. Ty\u00f6kokeilu ei ole ty\u00f6suhde, eik\u00e4 siit\u00e4 aiheudu j\u00e4rjest\u00e4j\u00e4lle kustannuksia. Ty\u00f6kokeilu on vaivaton sopimus ty\u00f6llisyyspalveluiden, ty\u00f6ntekij\u00e4n ja ty\u00f6nantajan v\u00e4lill\u00e4 ja antaa kaikille osapuolille mahdollisuuden suunnitella yhteist\u00e4 jatkoa.<\/p>\r\n<\/div>\r\n\r\n\r\n\r\n<div class=\"wp-block-column is-vertically-aligned-top is-layout-flow wp-block-column-is-layout-flow\">\r\n<figure class=\"wp-block-image size-full\"><img loading=\"lazy\" decoding=\"async\" width=\"800\" height=\"800\" class=\"wp-image-373\" src=\"https:\/\/tukea.ktyry.fi\/wp\/wp-content\/uploads\/2024\/03\/neve-demo-image-29.png\" alt=\"\" \/><\/figure>\r\n\r\n\r\n\r\n<div class=\"wp-block-spacer\" style=\"height: 16px;\" aria-hidden=\"true\">\u00a0<\/div>\r\n\r\n\r\n\r\n<h3 class=\"wp-block-heading\"><a href=\"https:\/\/tukea.ktyry.fi\/wp\/palkkatuki\/\" target=\"_blank\" rel=\"noopener\">Palkkatuki<\/a><\/h3>\r\n\r\n\r\n\r\n<p>Ty\u00f6nantajan on mahdollista saada taloudellista tukea ty\u00f6ntekij\u00e4n palkkaamiseen. Tuki on TE-toimiston tai kuntakokeilun my\u00f6nt\u00e4m\u00e4 tuki ty\u00f6tt\u00f6m\u00e4n ty\u00f6nhakijan palkkakustannuksiin. Tukea hakee ty\u00f6ntantaja. Palkkatukiprosentti vaihtelee 50 ja 100% v\u00e4lill\u00e4 riippuen ty\u00f6llistett\u00e4v\u00e4n i\u00e4st\u00e4 ja hakijaorganisaation tyypist\u00e4.<\/p>\r\n<\/div>\r\n\r\n\r\n\r\n<div class=\"wp-block-column is-vertically-aligned-top is-layout-flow wp-block-column-is-layout-flow\">\r\n<figure class=\"wp-block-image size-full\"><img loading=\"lazy\" decoding=\"async\" width=\"800\" height=\"800\" class=\"wp-image-375\" src=\"https:\/\/tukea.ktyry.fi\/wp\/wp-content\/uploads\/2024\/03\/neve-demo-image-31.png\" alt=\"\" \/><\/figure>\r\n\r\n\r\n\r\n<div class=\"wp-block-spacer\" style=\"height: 16px;\" aria-hidden=\"true\">\u00a0<\/div>\r\n\r\n\r\n\r\n<h3 class=\"wp-block-heading\"><a href=\"https:\/\/tukea.ktyry.fi\/wp\/ohjaustyo\/\" target=\"_blank\" rel=\"noopener\">Ohjausty\u00f6<\/a><\/h3>\r\n\r\n\r\n\r\n<p>Ty\u00f6tt\u00f6mi\u00e4 ty\u00f6nhakijoita on Suomessa\u00a0 278 700 kappaletta. T\u00e4m\u00e4 on Suomen suurin yksitt\u00e4inen ty\u00f6voiman l\u00e4hde. Ty\u00f6kokeilun ja palkkatuen avulla on mahdollista l\u00f6yt\u00e4\u00e4 uusi ty\u00f6ntekij\u00e4 ilman tai pienill\u00e4 taloudellisilla riskeill\u00e4. Hyvin j\u00e4rjestetty perehdytys ja kannustava ohjausote ovat taattu ty\u00f6kalu uuden luottohenkil\u00f6n l\u00f6yt\u00e4miseksi.<\/p>\r\n<\/div>\r\n<\/div>\r\n\r\n\r\n\r\n<div class=\"wp-block-spacer\" style=\"height: 40px;\" aria-hidden=\"true\">\u00a0<\/div>\r\n","protected":false},"excerpt":{"rendered":"<p>Ty\u00f6llisyyspalvelut yrityksen ja ty\u00f6ntekij\u00e4n tukena Tukity\u00f6llistett\u00e4v\u00e4n polkua tukee aina paikallisten ty\u00f6llisyyspalvelujen ty\u00f6llisyysohjaaja. Ty\u00f6llisyyspalveluiden palvelut auttavat sinua ty\u00f6ntekij\u00e4n l\u00f6yt\u00e4misess\u00e4 ja t\u00e4m\u00e4n ty\u00f6el\u00e4m\u00e4n askeleissa. Ty\u00f6llisyyspalvelut auttavat sinua my\u00f6s palkkatuen hakuprosessissa ja ty\u00f6kokeilupaikan j\u00e4rjest\u00e4misess\u00e4. Ty\u00f6kokeilu Enint\u00e4\u00e4n kuusi kuukautta kest\u00e4v\u00e4ss\u00e4 ty\u00f6kokeilussa ty\u00f6el\u00e4m\u00e4\u00e4n palaava tai uraansa aloittava henkil\u00f6 voi testata omaa ty\u00f6kykyk\u00e4\u00e4n tai soveltuvuuttaan. Ty\u00f6kokeilu ei ole ty\u00f6suhde, eik\u00e4 siit\u00e4&hellip;&nbsp;<a href=\"https:\/\/tukea.ktyry.fi\/wp\/\" class=\"\" rel=\"bookmark\">Read More &raquo;<span class=\"screen-reader-text\">Homepage<\/span><\/a><\/p>\n","protected":false},"author":1,"featured_media":0,"parent":0,"menu_order":0,"comment_status":"closed","ping_status":"closed","template":"","meta":{"neve_meta_sidebar":"full-width","neve_meta_container":"contained","neve_meta_enable_content_width":"on","neve_meta_content_width":100,"neve_meta_title_alignment":"","neve_meta_author_avatar":"","neve_post_elements_order":"","neve_meta_disable_header":"","neve_meta_disable_footer":"","neve_meta_disable_title":"on","_ti_tpc_template_sync":false,"_ti_tpc_template_id":"98yl5t6s3nicwhomkrmc","footnotes":""},"class_list":["post-46","page","type-page","status-publish","hentry"],"_links":{"self":[{"href":"https:\/\/tukea.ktyry.fi\/wp\/wp-json\/wp\/v2\/pages\/46","targetHints":{"allow":["GET"]}}],"collection":[{"href":"https:\/\/tukea.ktyry.fi\/wp\/wp-json\/wp\/v2\/pages"}],"about":[{"href":"https:\/\/tukea.ktyry.fi\/wp\/wp-json\/wp\/v2\/types\/page"}],"author":[{"embeddable":true,"href":"https:\/\/tukea.ktyry.fi\/wp\/wp-json\/wp\/v2\/users\/1"}],"replies":[{"embeddable":true,"href":"https:\/\/tukea.ktyry.fi\/wp\/wp-json\/wp\/v2\/comments?post=46"}],"version-history":[{"count":41,"href":"https:\/\/tukea.ktyry.fi\/wp\/wp-json\/wp\/v2\/pages\/46\/revisions"}],"predecessor-version":[{"id":564,"href":"https:\/\/tukea.ktyry.fi\/wp\/wp-json\/wp\/v2\/pages\/46\/revisions\/564"}],"wp:attachment":[{"href":"https:\/\/tukea.ktyry.fi\/wp\/wp-json\/wp\/v2\/media?parent=46"}],"curies":[{"name":"wp","href":"https:\/\/api.w.org\/{rel}","templated":true}]}}